{"id":7236,"date":"2023-10-01T10:21:48","date_gmt":"2023-10-01T08:21:48","guid":{"rendered":"https:\/\/www.armes.it\/?page_id=7236"},"modified":"2024-09-09T22:27:29","modified_gmt":"2024-09-09T20:27:29","slug":"berardi-bullonerie","status":"publish","type":"page","link":"https:\/\/www.armes.it\/de\/case-studies-2\/berardi-bullonerie\/","title":{"rendered":"Berardi Bullonerie"},"content":{"rendered":"<section class=\"wpb-content-wrapper\">[vc_row][vc_column][vc_custom_heading text=&#8221;Armes had manufactured<br \/>\na new logistics platform<br \/>\nfor company Berardi Bullonerie.&#8221; font_container=&#8221;tag:h2|text_align:left|color:%23ff6633&#8243;][vc_empty_space height=&#8221;60px&#8221;][vc_column_text]<span style=\"color: #ff6633;\">Berardi Bullonerie s.r.l., a leafing manufacturer and distributor of bolts and nuts as well as industrial components, has chosen Armes for the construction of its new logistics platform as its premises in Castel S. Pietro Terme (Bologna).<\/span>[\/vc_column_text][vc_empty_space height=&#8221;80&#8243;][vc_column_text]<strong>Customer:<\/strong> Berardi Bullonerie S.r.l.<\/p>\n<p><strong>Sector:<\/strong> production and distribution of bolts and nuts<\/p>\n<p><strong>Location:<\/strong> Castel S. Pietro Terme (Bologna)[\/vc_column_text][vc_empty_space height=&#8221;60&#8243;][vc_column_text]<span style=\"color: #ff6633;\">OBJECTIVES:<\/span>[\/vc_column_text][vc_separator color=&#8221;custom&#8221; accent_color=&#8221;#ff6633&#8243;][vc_column_text]- Maximising the space and storage capacity by using industrial metal racking along with a trilateral forklift\/order picker[\/vc_column_text][vc_empty_space height=&#8221;20&#8243;][vc_column_text]<span style=\"color: #ff6633;\">SOLUTION:<\/span>[\/vc_column_text][vc_separator color=&#8221;custom&#8221; accent_color=&#8221;#ff6633&#8243;][vc_column_text]- Installation of a racking system with a vertical loading configuration allowing to exploit the free height of the warehouse.<\/p>\n<p>&#8211; Loading levels consisting of beams and galvanized plates for storage of boxes, and pair of beams for storage of pallets.<\/p>\n<p>&#8211; Pick &amp; Delivery bays on all shelving headers.<\/p>\n<p>&#8211; Installation of Push-back gravity-fed conveyor rollers near the P&amp;D locations \/ shipment areas to facilitate the order preparation.[\/vc_column_text][vc_empty_space height=&#8221;20&#8243;][vc_column_text]<span style=\"color: #ff6633;\">ADDED VALUE:<\/span>[\/vc_column_text][vc_separator color=&#8221;custom&#8221; accent_color=&#8221;#ff6633&#8243;][vc_column_text]- The whole structure &#8211; consisting of earthquake-proof racks &#8211; has been designed and installed to efficiently store a high amount of different load units, maximizing both space and storage capacity and therefore achieving the goals defined with the customer during the project design.[\/vc_column_text][vc_empty_space height=&#8221;20&#8243;][vc_column_text]<span style=\"color: #ff6633;\">STORAGE SYSTEM FACTS AND FIGURES:<\/span>[\/vc_column_text][vc_separator color=&#8221;custom&#8221; accent_color=&#8221;#ff6633&#8243;][vc_column_text]Storage system height: 12 m<\/p>\n<p>Surface area occupied by the storage system: 10,000 m<sup>2<\/sup><\/p>\n<p>Quantity of frames: 702 pcs<\/p>\n<p>Quantity of beams: 16,700 pcs<\/p>\n<p>Quantity of plates: 94,862 pcs[\/vc_column_text][\/vc_column][\/vc_row]\n<\/section>","protected":false},"excerpt":{"rendered":"<p>[vc_row][vc_column][vc_custom_heading text=&#8221;Armes had manufactured a new logistics platform for company Berardi Bullonerie.&#8221; font_container=&#8221;tag:h2|text_align:left|color:%23ff6633&#8243;][vc_empty_space height=&#8221;60px&#8221;][vc_column_text]Berardi&#8230;<\/p>\n","protected":false},"author":6,"featured_media":4920,"parent":6796,"menu_order":4,"comment_status":"closed","ping_status":"closed","template":"realizzazioni.php","meta":{"inline_featured_image":false},"acf":[],"yoast_head":"<!-- This site is optimized with the Yoast SEO plugin v21.8.1 - https:\/\/yoast.com\/wordpress\/plugins\/seo\/ -->\n<title>Berardi Bullonerie - Fallstudie - Armes<\/title>\n<meta name=\"description\" content=\"Berardi Bullonerie Srl, ein f\u00fchrender Hersteller und Vertreiber von Schrauben und Muttern, hat Armes f\u00fcr den Bau seiner neuen Logistikplattform gew\u00e4hlt.\" \/>\n<meta name=\"robots\" content=\"index, follow, max-snippet:-1, max-image-preview:large, max-video-preview:-1\" \/>\n<link rel=\"canonical\" href=\"https:\/\/www.armes.it\/de\/case-studies-2\/berardi-bullonerie\/\" \/>\n<meta property=\"og:locale\" content=\"de_DE\" \/>\n<meta property=\"og:type\" content=\"article\" \/>\n<meta property=\"og:title\" content=\"Berardi Bullonerie - Fallstudie - Armes\" \/>\n<meta property=\"og:description\" content=\"Berardi Bullonerie Srl, ein f\u00fchrender Hersteller und Vertreiber von Schrauben und Muttern, hat Armes f\u00fcr den Bau seiner neuen Logistikplattform gew\u00e4hlt.\" \/>\n<meta property=\"og:url\" content=\"https:\/\/www.armes.it\/de\/case-studies-2\/berardi-bullonerie\/\" \/>\n<meta property=\"og:site_name\" content=\"ARMES\" \/>\n<meta property=\"article:publisher\" content=\"https:\/\/www.facebook.com\/Armes.spa\" \/>\n<meta property=\"article:modified_time\" content=\"2024-09-09T20:27:29+00:00\" \/>\n<meta property=\"og:image\" content=\"https:\/\/www.armes.it\/wp-content\/uploads\/2023\/10\/BERARDI-BULLONERIA_2023_BOLOGNA_SOLUZIONI-PER-PALLET_PORTA-PALLLET_picking-manuale-7_Cover-1.jpg\" \/>\n\t<meta property=\"og:image:width\" content=\"800\" \/>\n\t<meta property=\"og:image:height\" content=\"1280\" \/>\n\t<meta property=\"og:image:type\" content=\"image\/jpeg\" \/>\n<meta name=\"twitter:card\" content=\"summary_large_image\" \/>\n<script type=\"application\/ld+json\" class=\"yoast-schema-graph\">{\"@context\":\"https:\/\/schema.org\",\"@graph\":[{\"@type\":\"WebPage\",\"@id\":\"https:\/\/www.armes.it\/de\/case-studies-2\/berardi-bullonerie\/\",\"url\":\"https:\/\/www.armes.it\/de\/case-studies-2\/berardi-bullonerie\/\",\"name\":\"Berardi Bullonerie - Fallstudie - Armes\",\"isPartOf\":{\"@id\":\"https:\/\/www.armes.it\/de\/#website\"},\"datePublished\":\"2023-10-01T08:21:48+00:00\",\"dateModified\":\"2024-09-09T20:27:29+00:00\",\"description\":\"Berardi Bullonerie Srl, ein f\u00fchrender Hersteller und Vertreiber von Schrauben und Muttern, hat Armes f\u00fcr den Bau seiner neuen Logistikplattform gew\u00e4hlt.\",\"breadcrumb\":{\"@id\":\"https:\/\/www.armes.it\/de\/case-studies-2\/berardi-bullonerie\/#breadcrumb\"},\"inLanguage\":\"de-DE\",\"potentialAction\":[{\"@type\":\"ReadAction\",\"target\":[\"https:\/\/www.armes.it\/de\/case-studies-2\/berardi-bullonerie\/\"]}]},{\"@type\":\"BreadcrumbList\",\"@id\":\"https:\/\/www.armes.it\/de\/case-studies-2\/berardi-bullonerie\/#breadcrumb\",\"itemListElement\":[{\"@type\":\"ListItem\",\"position\":1,\"name\":\"Home\",\"item\":\"https:\/\/www.armes.it\/de\/\"},{\"@type\":\"ListItem\",\"position\":2,\"name\":\"Case Studies\",\"item\":\"https:\/\/www.armes.it\/de\/case-studies-2\/\"},{\"@type\":\"ListItem\",\"position\":3,\"name\":\"Berardi Bullonerie\"}]},{\"@type\":\"WebSite\",\"@id\":\"https:\/\/www.armes.it\/de\/#website\",\"url\":\"https:\/\/www.armes.it\/de\/\",\"name\":\"Armes\",\"description\":\"Da oltre 40 anni specialisti nella produzione, vendita e ispezione di scaffalature metalliche per l&#039;industria\",\"publisher\":{\"@id\":\"https:\/\/www.armes.it\/de\/#organization\"},\"potentialAction\":[{\"@type\":\"SearchAction\",\"target\":{\"@type\":\"EntryPoint\",\"urlTemplate\":\"https:\/\/www.armes.it\/de\/?s={search_term_string}\"},\"query-input\":\"required name=search_term_string\"}],\"inLanguage\":\"de-DE\"},{\"@type\":\"Organization\",\"@id\":\"https:\/\/www.armes.it\/de\/#organization\",\"name\":\"Armes SpA\",\"url\":\"https:\/\/www.armes.it\/de\/\",\"logo\":{\"@type\":\"ImageObject\",\"inLanguage\":\"de-DE\",\"@id\":\"https:\/\/www.armes.it\/de\/#\/schema\/logo\/image\/\",\"url\":\"https:\/\/www.armes.it\/wp-content\/uploads\/2023\/04\/logo-armes-dark.svg\",\"contentUrl\":\"https:\/\/www.armes.it\/wp-content\/uploads\/2023\/04\/logo-armes-dark.svg\",\"width\":219,\"height\":76,\"caption\":\"Armes SpA\"},\"image\":{\"@id\":\"https:\/\/www.armes.it\/de\/#\/schema\/logo\/image\/\"},\"sameAs\":[\"https:\/\/www.facebook.com\/Armes.spa\",\"https:\/\/it.linkedin.com\/company\/armes\",\"https:\/\/www.instagram.com\/armes_steelracking\/\"]}]}<\/script>\n<!-- \/ Yoast SEO plugin. -->","yoast_head_json":{"title":"Berardi Bullonerie - Fallstudie - Armes","description":"Berardi Bullonerie Srl, ein f\u00fchrender Hersteller und Vertreiber von Schrauben und Muttern, hat Armes f\u00fcr den Bau seiner neuen Logistikplattform gew\u00e4hlt.","robots":{"index":"index","follow":"follow","max-snippet":"max-snippet:-1","max-image-preview":"max-image-preview:large","max-video-preview":"max-video-preview:-1"},"canonical":"https:\/\/www.armes.it\/de\/case-studies-2\/berardi-bullonerie\/","og_locale":"de_DE","og_type":"article","og_title":"Berardi Bullonerie - Fallstudie - Armes","og_description":"Berardi Bullonerie Srl, ein f\u00fchrender Hersteller und Vertreiber von Schrauben und Muttern, hat Armes f\u00fcr den Bau seiner neuen Logistikplattform gew\u00e4hlt.","og_url":"https:\/\/www.armes.it\/de\/case-studies-2\/berardi-bullonerie\/","og_site_name":"ARMES","article_publisher":"https:\/\/www.facebook.com\/Armes.spa","article_modified_time":"2024-09-09T20:27:29+00:00","og_image":[{"width":800,"height":1280,"url":"https:\/\/www.armes.it\/wp-content\/uploads\/2023\/10\/BERARDI-BULLONERIA_2023_BOLOGNA_SOLUZIONI-PER-PALLET_PORTA-PALLLET_picking-manuale-7_Cover-1.jpg","type":"image\/jpeg"}],"twitter_card":"summary_large_image","schema":{"@context":"https:\/\/schema.org","@graph":[{"@type":"WebPage","@id":"https:\/\/www.armes.it\/de\/case-studies-2\/berardi-bullonerie\/","url":"https:\/\/www.armes.it\/de\/case-studies-2\/berardi-bullonerie\/","name":"Berardi Bullonerie - Fallstudie - Armes","isPartOf":{"@id":"https:\/\/www.armes.it\/de\/#website"},"datePublished":"2023-10-01T08:21:48+00:00","dateModified":"2024-09-09T20:27:29+00:00","description":"Berardi Bullonerie Srl, ein f\u00fchrender Hersteller und Vertreiber von Schrauben und Muttern, hat Armes f\u00fcr den Bau seiner neuen Logistikplattform gew\u00e4hlt.","breadcrumb":{"@id":"https:\/\/www.armes.it\/de\/case-studies-2\/berardi-bullonerie\/#breadcrumb"},"inLanguage":"de-DE","potentialAction":[{"@type":"ReadAction","target":["https:\/\/www.armes.it\/de\/case-studies-2\/berardi-bullonerie\/"]}]},{"@type":"BreadcrumbList","@id":"https:\/\/www.armes.it\/de\/case-studies-2\/berardi-bullonerie\/#breadcrumb","itemListElement":[{"@type":"ListItem","position":1,"name":"Home","item":"https:\/\/www.armes.it\/de\/"},{"@type":"ListItem","position":2,"name":"Case Studies","item":"https:\/\/www.armes.it\/de\/case-studies-2\/"},{"@type":"ListItem","position":3,"name":"Berardi Bullonerie"}]},{"@type":"WebSite","@id":"https:\/\/www.armes.it\/de\/#website","url":"https:\/\/www.armes.it\/de\/","name":"Armes","description":"Da oltre 40 anni specialisti nella produzione, vendita e ispezione di scaffalature metalliche per l&#039;industria","publisher":{"@id":"https:\/\/www.armes.it\/de\/#organization"},"potentialAction":[{"@type":"SearchAction","target":{"@type":"EntryPoint","urlTemplate":"https:\/\/www.armes.it\/de\/?s={search_term_string}"},"query-input":"required name=search_term_string"}],"inLanguage":"de-DE"},{"@type":"Organization","@id":"https:\/\/www.armes.it\/de\/#organization","name":"Armes SpA","url":"https:\/\/www.armes.it\/de\/","logo":{"@type":"ImageObject","inLanguage":"de-DE","@id":"https:\/\/www.armes.it\/de\/#\/schema\/logo\/image\/","url":"https:\/\/www.armes.it\/wp-content\/uploads\/2023\/04\/logo-armes-dark.svg","contentUrl":"https:\/\/www.armes.it\/wp-content\/uploads\/2023\/04\/logo-armes-dark.svg","width":219,"height":76,"caption":"Armes SpA"},"image":{"@id":"https:\/\/www.armes.it\/de\/#\/schema\/logo\/image\/"},"sameAs":["https:\/\/www.facebook.com\/Armes.spa","https:\/\/it.linkedin.com\/company\/armes","https:\/\/www.instagram.com\/armes_steelracking\/"]}]}},"_links":{"self":[{"href":"https:\/\/www.armes.it\/de\/wp-json\/wp\/v2\/pages\/7236"}],"collection":[{"href":"https:\/\/www.armes.it\/de\/wp-json\/wp\/v2\/pages"}],"about":[{"href":"https:\/\/www.armes.it\/de\/wp-json\/wp\/v2\/types\/page"}],"author":[{"embeddable":true,"href":"https:\/\/www.armes.it\/de\/wp-json\/wp\/v2\/users\/6"}],"replies":[{"embeddable":true,"href":"https:\/\/www.armes.it\/de\/wp-json\/wp\/v2\/comments?post=7236"}],"version-history":[{"count":2,"href":"https:\/\/www.armes.it\/de\/wp-json\/wp\/v2\/pages\/7236\/revisions"}],"predecessor-version":[{"id":7614,"href":"https:\/\/www.armes.it\/de\/wp-json\/wp\/v2\/pages\/7236\/revisions\/7614"}],"up":[{"embeddable":true,"href":"https:\/\/www.armes.it\/de\/wp-json\/wp\/v2\/pages\/6796"}],"wp:featuredmedia":[{"embeddable":true,"href":"https:\/\/www.armes.it\/de\/wp-json\/wp\/v2\/media\/4920"}],"wp:attachment":[{"href":"https:\/\/www.armes.it\/de\/wp-json\/wp\/v2\/media?parent=7236"}],"curies":[{"name":"wp","href":"https:\/\/api.w.org\/{rel}","templated":true}]}}